{"id":6551,"date":"2020-09-09T16:08:45","date_gmt":"2020-09-09T16:08:45","guid":{"rendered":"http:\/\/managerfaa.openweb.ro\/?page_id=17"},"modified":"2022-09-26T10:07:45","modified_gmt":"2022-09-26T10:07:45","slug":"bord-editorial","status":"publish","type":"page","link":"https:\/\/manager.faa.ro\/?page_id=6551","title":{"rendered":"Editorial Board"},"content":{"rendered":"\t\t<div data-elementor-type=\"wp-page\" data-elementor-id=\"6551\" class=\"elementor elementor-6551\">\n\t\t\t\t\t\t<section class=\"elementor-section elementor-top-section elementor-element elementor-element-7b7b0ec1 elementor-section-boxed elementor-section-height-default elementor-section-height-default\" data-id=\"7b7b0ec1\" data-element_type=\"section\" data-e-type=\"section\">\n\t\t\t\t\t\t<div class=\"elementor-container elementor-column-gap-default\">\n\t\t\t\t\t<div class=\"elementor-column elementor-col-100 elementor-top-column elementor-element elementor-element-66e0e94a\" data-id=\"66e0e94a\" data-element_type=\"column\" data-e-type=\"column\">\n\t\t\t<div class=\"elementor-widget-wrap elementor-element-populated\">\n\t\t\t\t\t\t<div class=\"elementor-element elementor-element-2bea9545 elementor-widget elementor-widget-text-editor\" data-id=\"2bea9545\" data-element_type=\"widget\" data-e-type=\"widget\" data-widget_type=\"text-editor.default\">\n\t\t\t\t<div class=\"elementor-widget-container\">\n\t\t\t\t\t\t\t\t\t<p>The editorial board is made up of experienced professors from\u00a0 different areas of interest and we aim to enlarge the team with academic personalities both from our country as well as from outside. In the near future the editorial board plans to create a network system of collaboration with universities from our country and from all over the world, through which to establish exchanges of journals and subscriptions.<\/p><p><strong>Editor-in-chief<\/strong><\/p><ul><li>Paul Marinescu, University of Bucharest, Romania<\/li><\/ul><p>\u00a0<\/p><p><strong>Deputy Chief Editor<\/strong><\/p><ul><li>Ionu\u021b Constantin, University of Bucharest, Romania<\/li><\/ul><p>\u00a0<\/p><p><strong>Managing editor<\/strong><\/p><ul><li>Oana Hudea, University of Bucharest, Romania<\/li><\/ul><p>\u00a0<\/p><p><strong>Editors<\/strong><\/p><ul><li>\u2022Camelia Surugiu, University of Bucharest, Romania<br \/>\u2022Cosmin Olteanu, University of Bucharest, Romania<br \/>\u2022Veith Cristina, University of Bucharest, Romania<br \/>\u2022Cosmin Imbrisca,\u00a0University of Bucharest, Romania<\/li><\/ul><p>\u00a0<\/p><p><strong>Editorial Advisory Board<\/strong><\/p><ul><li>\u2022Ruth Alas, Estonian Bussines School, Estonia<br \/>\u2022Lucian &#8211; Liviu Albu, Institute for Economic Forecasting, Romanian Academy<br \/>\u2022Amos Avny, Omnidev International, Israel<br \/>\u2022Mariusz Bednarek, Akademia Podlaska w Siedlcach, Poland<br \/>\u2022John Brinkman, Liverpool Hope University, United Kingdom<br \/>\u2022Amnon Caspi, Bar Ilan University, Israel<br \/>\u2022M\u0103rioara Iordan, Institute for Economic Forecasting, Romanian Academy<br \/>\u2022Katsutoshi Kurokawa, Okayama University Japan, Japan<br \/>\u2022Vidosav Majstorovich, University of Belgrade, Serbia<br \/>\u2022Shinji Naruo, Japan International Cooperation Agency, Japan<br \/>\u2022Myrvete Pantina, University of Prishtina, Kosovo<br \/>\u2022Masahiro Taguchi, Okayama University Japan, Japan<br \/>\u2022Bogustawa Teresa Stanczenska, Akademia Podlaska w Siedlcach, Poland<br \/>\u2022Angel Tejada Ponce, Universidad de Castilla-La Mancha, Spain<br \/>\u2022Daniel Teodorescu, Emory University, Atlanta, USA<br \/>\u2022Gheorghe Popescu, Academy of Economic Studies, Bucharest, Romania<br \/>\u2022Romi\u0163\u0103 Iucu, University of Bucharest, Romania<br \/>\u2022R\u0103zvan Papuc, University of Bucharest, Romania<br \/>\u2022Magdalena Platis, University of Bucharest, Romania<br \/>\u2022Diana Pociov\u0103li\u015fteanu, Constantin Br\u00e2ncu\u015fi University, T\u00e2rgu-Jiu, Romania<br \/>\u2022Ion Popa, Academy of Economic Studies, Bucharest, Romania<br \/>\u2022Mihai Roman, Academy of Economic Studies, Bucharest, Romania<br \/>\u2022Stelian Stancu, Academy of Economic Studies, Bucharest, Romania<br \/>\u2022Dinu Vasile, Academy of Economic Studies, Bucharest, Romania<br \/>\u2022Marian Zulean, University of Bucharest, Romania<\/li><li>\u2022Bogdan Ionescu, Academy of Economic Studies, Bucharest, Romania<\/li><li>\u00a0<\/li><\/ul><p><strong>Founders<\/strong><\/p><ul><li>\u2022Paul Marinescu, University of Bucharest, Romania<br \/>\u2022Viorel Cornescu, University of Bucharest, Romania<\/li><\/ul><p>\u00a0<\/p><p><strong>Editorial Office<\/strong><\/p><ul><li>\u2022Michael-George Constantin<br \/>\u2022Florentin Miulescu<\/li><\/ul>\t\t\t\t\t\t\t\t<\/div>\n\t\t\t\t<\/div>\n\t\t\t\t\t<\/div>\n\t\t<\/div>\n\t\t\t\t\t<\/div>\n\t\t<\/section>\n\t\t\t\t<\/div>\n\t\t","protected":false},"excerpt":{"rendered":"<p>The editorial board is made up of experienced professors from\u00a0 different areas of interest and we aim to enlarge the team with academic personalities both from our country as well as from outside. In the near future the editorial board plans to create a network system of collaboration with universities from our country and from<\/p>\n","protected":false},"author":2,"featured_media":0,"parent":0,"menu_order":0,"comment_status":"closed","ping_status":"closed","template":"page-templates\/no-wrapper.php","meta":{"footnotes":""},"coauthors":[1533],"class_list":["post-6551","page","type-page","status-publish"],"_links":{"self":[{"href":"https:\/\/manager.faa.ro\/index.php?rest_route=\/wp\/v2\/pages\/6551","targetHints":{"allow":["GET"]}}],"collection":[{"href":"https:\/\/manager.faa.ro\/index.php?rest_route=\/wp\/v2\/pages"}],"about":[{"href":"https:\/\/manager.faa.ro\/index.php?rest_route=\/wp\/v2\/types\/page"}],"author":[{"embeddable":true,"href":"https:\/\/manager.faa.ro\/index.php?rest_route=\/wp\/v2\/users\/2"}],"replies":[{"embeddable":true,"href":"https:\/\/manager.faa.ro\/index.php?rest_route=%2Fwp%2Fv2%2Fcomments&post=6551"}],"version-history":[{"count":32,"href":"https:\/\/manager.faa.ro\/index.php?rest_route=\/wp\/v2\/pages\/6551\/revisions"}],"predecessor-version":[{"id":8629,"href":"https:\/\/manager.faa.ro\/index.php?rest_route=\/wp\/v2\/pages\/6551\/revisions\/8629"}],"wp:attachment":[{"href":"https:\/\/manager.faa.ro\/index.php?rest_route=%2Fwp%2Fv2%2Fmedia&parent=6551"}],"wp:term":[{"taxonomy":"author","embeddable":true,"href":"https:\/\/manager.faa.ro\/index.php?rest_route=%2Fwp%2Fv2%2Fcoauthors&post=6551"}],"curies":[{"name":"wp","href":"https:\/\/api.w.org\/{rel}","templated":true}]}}